{"id":501,"date":"2022-02-03T18:48:42","date_gmt":"2022-02-03T21:48:42","guid":{"rendered":"https:\/\/rodopaybank.com.br\/?page_id=501"},"modified":"2022-02-10T19:12:12","modified_gmt":"2022-02-10T22:12:12","slug":"politica-de-privacidade-e-termos-de-uso","status":"publish","type":"page","link":"https:\/\/rodopaybank.com.br\/index.php\/politica-de-privacidade-e-termos-de-uso\/","title":{"rendered":"Pol\u00edtica de Privacidade e termos de uso"},"content":{"rendered":"<p style=\"text-align: justify;\">A sua privacidade \u00e9 importante para n\u00f3s. \u00c9 pol\u00edtica da RodoPay Bank respeitar a sua privacidade em rela\u00e7\u00e3o a qualquer informa\u00e7\u00e3o sua que possamos coletar no sistema RodoPay Bank, e outros aplicativos e sistemas que possu\u00edmos e operamos.<\/p>\n<p style=\"text-align: justify;\">Solicitamos informa\u00e7\u00f5es pessoais apenas quando realmente precisamos delas para lhe fornecer um servi\u00e7o. Esta solicita\u00e7\u00e3o \u00e9 feita por meios justos e legais, com o seu conhecimento e consentimento. Tamb\u00e9m informamos por que estamos coletando e como ser\u00e1 usado.<\/p>\n<p style=\"text-align: justify;\">Apenas retemos as informa\u00e7\u00f5es coletadas pelo tempo necess\u00e1rio para fornecer o servi\u00e7o solicitado, conforme o disposto no inciso I do artigo 15 da Lei 13.709\/18. Quando armazenamos dados, protegemos dentro de meios t\u00e9cnicos\/comerciais aceit\u00e1veis \u200b\u200bpara evitar perdas e roubos, bem como acesso, divulga\u00e7\u00e3o, c\u00f3pia, uso ou modifica\u00e7\u00e3o n\u00e3o autorizados, nos termos da Lei 13.853\/19 (LGPD).<\/p>\n<p style=\"text-align: justify;\">N\u00e3o compartilhamos informa\u00e7\u00f5es de identifica\u00e7\u00e3o pessoal publicamente ou com terceiros, exceto quando exigido por lei.<\/p>\n<p style=\"text-align: justify;\">A plataforma se compromete a aplicar as medidas t\u00e9cnicas e organizativas aptas a proteger os dados pessoais de acessos n\u00e3o autorizados e de situa\u00e7\u00f5es de destrui\u00e7\u00e3o, perda, altera\u00e7\u00e3o, comunica\u00e7\u00e3o ou difus\u00e3o de tais dados.<\/p>\n<p style=\"text-align: justify;\">Nossos sistemas podem ter links para sistemas externos que n\u00e3o s\u00e3o operados por n\u00f3s. Esteja ciente de que n\u00e3o temos controle sobre o conte\u00fado e pr\u00e1ticas desses sistemas e n\u00e3o podemos aceitar responsabilidade por suas respectivas pol\u00edticas de privacidade.<\/p>\n<p style=\"text-align: justify;\">Ao ser redirecionado para um aplicativo ou sistema de terceiros, voc\u00ea n\u00e3o ser\u00e1 mais regido por essa Pol\u00edtica de Privacidade ou pelos Termos de Servi\u00e7o da nossa plataforma. N\u00e3o somos respons\u00e1veis pelas pr\u00e1ticas de privacidade de outros sistemas e lhe incentivamos a ler as declara\u00e7\u00f5es de privacidade deles.<\/p>\n<p style=\"text-align: justify;\">O compartilhamento de dados do usu\u00e1rio ocorre apenas com os dados referentes a publica\u00e7\u00f5es realizadas pelo pr\u00f3prio usu\u00e1rio, tais a\u00e7\u00f5es n\u00e3o s\u00e3o compartilhadas publicamente com os outros usu\u00e1rios.<\/p>\n<p style=\"text-align: justify;\">Os dados do perfil do usu\u00e1rio n\u00e3o s\u00e3o compartilhados publicamente em sistemas de busca e dentro da plataforma.<\/p>\n<p style=\"text-align: justify;\">Voc\u00ea \u00e9 livre para recusar a nossa solicita\u00e7\u00e3o de informa\u00e7\u00f5es pessoais, entendendo que talvez n\u00e3o possamos fornecer alguns dos servi\u00e7os desejados.<\/p>\n<p style=\"text-align: justify;\">Com rela\u00e7\u00e3o aos fornecedores de servi\u00e7os terceirizados como processadores de transa\u00e7\u00e3o de pagamento, informamos que cada qual tem sua pr\u00f3pria pol\u00edtica de privacidade. Desse modo, recomendamos a leitura das suas pol\u00edticas de privacidade para compreens\u00e3o de quais informa\u00e7\u00f5es pessoais ser\u00e3o usadas por esses fornecedores.<\/p>\n<p style=\"text-align: justify;\">O uso continuado de nosso sistema ser\u00e1 considerado como aceita\u00e7\u00e3o de nossas pr\u00e1ticas em torno de privacidade e informa\u00e7\u00f5es pessoais. Se voc\u00ea tiver alguma d\u00favida sobre como lidamos com dados do usu\u00e1rio e informa\u00e7\u00f5es pessoais, entre em contato conosco.<\/p>\n<p style=\"text-align: justify;\">Pol\u00edtica de Cookies<\/p>\n<p style=\"text-align: justify;\">O que s\u00e3o cookies?<\/p>\n<p style=\"text-align: justify;\">Como \u00e9 pr\u00e1tica comum em quase todos os sistemas profissionais, este sistema usa cookies, que s\u00e3o pequenos arquivos baixados no seu dispositivo, para melhorar sua experi\u00eancia. Esta p\u00e1gina descreve quais informa\u00e7\u00f5es eles coletam, como as usamos e por que \u00e0s vezes precisamos armazenar esses cookies. Tamb\u00e9m compartilharemos como voc\u00ea pode impedir que esses cookies sejam armazenados, no entanto, isso pode fazer o downgrade ou \u2018quebrar\u2019 certos elementos da funcionalidade do sistema.<\/p>\n<p style=\"text-align: justify;\">Como usamos os cookies?<\/p>\n<p style=\"text-align: justify;\">Utilizamos cookies por v\u00e1rios motivos, detalhados abaixo. Infelizmente, na maioria dos casos, n\u00e3o existem op\u00e7\u00f5es padr\u00e3o do setor para desativar os cookies sem desativar completamente a funcionalidade e os recursos que eles adicionam a este sistema. \u00c9 recomend\u00e1vel que voc\u00ea deixe todos os cookies se n\u00e3o tiver certeza se precisa ou n\u00e3o deles, caso sejam usados \u200b\u200bpara fornecer um servi\u00e7o que voc\u00ea usa.<\/p>\n<p style=\"text-align: justify;\">Desativar cookies<\/p>\n<p style=\"text-align: justify;\">Voc\u00ea pode impedir a configura\u00e7\u00e3o de cookies ajustando as configura\u00e7\u00f5es do seu navegador (consulte a Ajuda do navegador para saber como fazer isso). Esteja ciente de que a desativa\u00e7\u00e3o de cookies afetar\u00e1 a funcionalidade deste e de muitos outros sistemas que voc\u00ea visita. A desativa\u00e7\u00e3o de cookies geralmente resultar\u00e1 na desativa\u00e7\u00e3o de determinadas funcionalidades e recursos deste sistema. Portanto, \u00e9 recomend\u00e1vel que voc\u00ea n\u00e3o desative os cookies.<\/p>\n<p style=\"text-align: justify;\">Cookies que definimos<\/p>\n<p style=\"text-align: justify;\">Cookies relacionados \u00e0 conta<br \/>\nSe voc\u00ea criar uma conta conosco, usaremos cookies para o gerenciamento do processo de inscri\u00e7\u00e3o e administra\u00e7\u00e3o geral. Esses cookies geralmente ser\u00e3o exclu\u00eddos quando voc\u00ea sair do sistema, por\u00e9m, em alguns casos, eles poder\u00e3o permanecer posteriormente para lembrar as prefer\u00eancias do seu sistema ao sair.<\/p>\n<p style=\"text-align: justify;\">Cookies relacionados ao login<br \/>\nUtilizamos cookies quando voc\u00ea est\u00e1 logado, para que possamos lembrar dessa a\u00e7\u00e3o. Isso evita que voc\u00ea precise fazer login sempre que visitar uma nova p\u00e1gina. Esses cookies s\u00e3o normalmente removidos ou limpos quando voc\u00ea efetua logout para garantir que voc\u00ea possa acessar apenas a recursos e \u00e1reas restritas ao efetuar login.<\/p>\n<p style=\"text-align: justify;\">Cookies relacionados a boletins por e-mail<br \/>\nEste sistema oferece servi\u00e7os de assinatura de boletim informativo ou e-mail e os cookies podem ser usados \u200b\u200bpara lembrar se voc\u00ea j\u00e1 est\u00e1 registrado e se deve mostrar determinadas notifica\u00e7\u00f5es v\u00e1lidas apenas para usu\u00e1rios inscritos \/ n\u00e3o inscritos.<\/p>\n<p style=\"text-align: justify;\">Pedidos processando cookies relacionados<br \/>\nEste sistema oferece facilidades de com\u00e9rcio eletr\u00f4nico ou pagamento e alguns cookies s\u00e3o essenciais para garantir que seu pedido seja lembrado entre as p\u00e1ginas, para que possamos process\u00e1-lo adequadamente.<\/p>\n<p style=\"text-align: justify;\">Cookies relacionados a pesquisas<br \/>\nPeriodicamente, oferecemos pesquisas e question\u00e1rios para fornecer informa\u00e7\u00f5es interessantes, ferramentas \u00fateis ou para entender nossa base de usu\u00e1rios com mais precis\u00e3o. Essas pesquisas podem usar cookies para lembrar quem j\u00e1 participou numa pesquisa ou para fornecer resultados precisos ap\u00f3s a altera\u00e7\u00e3o das p\u00e1ginas.<\/p>\n<p style=\"text-align: justify;\">Cookies relacionados a formul\u00e1rios<br \/>\nQuando voc\u00ea envia dados por meio de um formul\u00e1rio como os encontrados nas p\u00e1ginas de contato ou nos formul\u00e1rios de avalia\u00e7\u00e3o de atendimento, os cookies podem ser configurados para lembrar os detalhes do usu\u00e1rio para correspond\u00eancia futura.<\/p>\n<p style=\"text-align: justify;\">Cookies de prefer\u00eancias do sistema<br \/>\nPara proporcionar uma \u00f3tima experi\u00eancia neste sistema, fornecemos a funcionalidade para definir suas prefer\u00eancias de como esse sistema \u00e9 executado quando voc\u00ea o usa. Para lembrar suas prefer\u00eancias, precisamos definir cookies para que essas informa\u00e7\u00f5es possam ser chamadas sempre que voc\u00ea interagir com uma p\u00e1gina for afetada por suas prefer\u00eancias.<\/p>\n<p style=\"text-align: justify;\">Cookies de Terceiros<\/p>\n<p style=\"text-align: justify;\">Em alguns casos especiais, tamb\u00e9m usamos cookies fornecidos por terceiros confi\u00e1veis. A se\u00e7\u00e3o a seguir detalha quais cookies de terceiros voc\u00ea pode encontrar atrav\u00e9s deste sistema.<\/p>\n<p style=\"text-align: justify;\">Este sistema usa o Google Analytics, que \u00e9 uma das solu\u00e7\u00f5es de an\u00e1lise mais difundidas e confi\u00e1veis \u200b\u200bda Web, para nos ajudar a entender como voc\u00ea usa o sistema e como podemos melhorar sua experi\u00eancia. Esses cookies podem rastrear itens como quanto tempo voc\u00ea gasta no sistema e as p\u00e1ginas visitadas, para que possamos continuar produzindo conte\u00fado atraente.<\/p>\n<p style=\"text-align: justify;\">Para mais informa\u00e7\u00f5es sobre cookies do Google Analytics, consulte a p\u00e1gina oficial do Google Analytics.<\/p>\n<p style=\"text-align: justify;\">Este sistema usa o CloudFlare, que \u00e9 uma das solu\u00e7\u00f5es para prote\u00e7\u00e3o e otimiza\u00e7\u00e3o da velocidade de conex\u00e3o. O CloudFlare n\u00e3o ret\u00e9m informa\u00e7\u00f5es pessoais dos usu\u00e1rios de nossos sistemas, apenas apresenta um valor total referente a acessos e requisi\u00e7\u00f5es.<\/p>\n<p style=\"text-align: justify;\">Para mais informa\u00e7\u00f5es sobre cookies e cach\u00ea do CloudFlare, consulte a p\u00e1gina oficial do CloudFlare.<\/p>\n<p style=\"text-align: justify;\">As an\u00e1lises de terceiros s\u00e3o usadas para rastrear e medir o uso deste sistema, para que possamos continuar produzindo conte\u00fado atrativo. Esses cookies podem rastrear itens como o tempo que voc\u00ea passa no sistema ou as p\u00e1ginas visitadas, o que nos ajuda a entender como podemos melhorar o sistema para voc\u00ea.<\/p>\n<p style=\"text-align: justify;\">Periodicamente, testamos novos recursos e fazemos altera\u00e7\u00f5es subtis na maneira como o sistema se apresenta. Quando ainda estamos testando novos recursos, esses cookies podem ser usados \u200b\u200bpara garantir que voc\u00ea receba uma experi\u00eancia consistente enquanto estiver no sistema, enquanto entendemos quais otimiza\u00e7\u00f5es os nossos usu\u00e1rios mais apreciam.<\/p>\n<p style=\"text-align: justify;\">\u00c0 medida que vendemos produtos, \u00e9 importante entendermos as estat\u00edsticas sobre quantos visitantes de nosso sistema realmente compram e, portanto, esse \u00e9 o tipo de dados que esses cookies rastrear\u00e3o. Isso \u00e9 importante para voc\u00ea, pois significa que podemos fazer previs\u00f5es de neg\u00f3cios com precis\u00e3o que nos permitem analisar nossos custos de publicidade e produtos para garantir o melhor pre\u00e7o poss\u00edvel.<\/p>\n<p style=\"text-align: justify;\">Mais informa\u00e7\u00f5es<\/p>\n<p style=\"text-align: justify;\">Esperemos que esteja esclarecido e, como mencionado anteriormente, se houver algo que voc\u00ea n\u00e3o tem certeza se precisa ou n\u00e3o, geralmente \u00e9 mais seguro deixar os cookies ativados, caso interaja com um dos recursos que voc\u00ea usa em nosso sistema e aplicativo. D\u00favidas, envie um e-mail para contato@rodopaybank.com.br<\/p>\n<p style=\"text-align: justify;\">Esta pol\u00edtica \u00e9 efetiva a partir de Fevereiro\/2022.<\/p>\n<p style=\"text-align: justify;\">Este sistema foi desenvolvido e \u00e9 mantido por <a href=\"http:\/\/fazemosaplicativosjuntos.com.br\/\">FAJ<\/a>, hospedado na Hostinger, seguindo os mais altos protocolos da seguran\u00e7a da informa\u00e7\u00e3o.<\/p>\n","protected":false},"excerpt":{"rendered":"<p>A sua privacidade \u00e9 importante para n\u00f3s. \u00c9 pol\u00edtica da RodoPay Bank respeitar a sua privacidade em rela\u00e7\u00e3o a qualquer informa\u00e7\u00e3o sua que possamos coletar no sistema RodoPay Bank, e outros aplicativos e sistemas que possu\u00edmos e operamos. Solicitamos informa\u00e7\u00f5es pessoais apenas quando realmente precisamos delas para lhe fornecer um servi\u00e7o. Esta solicita\u00e7\u00e3o \u00e9 feita [&hellip;]<\/p>\n","protected":false},"author":2,"featured_media":496,"parent":0,"menu_order":0,"comment_status":"closed","ping_status":"closed","template":"","meta":{"_et_pb_use_builder":"","_et_pb_old_content":"","_et_gb_content_width":"","footnotes":""},"class_list":["post-501","page","type-page","status-publish","has-post-thumbnail","hentry"],"yoast_head":"<!-- This site is optimized with the Yoast SEO plugin v18.0 - https:\/\/yoast.com\/wordpress\/plugins\/seo\/ -->\n<title>Pol\u00edtica de Privacidade e termos de uso - Rodopay Bank<\/title>\n<meta name=\"robots\" content=\"index, follow, max-snippet:-1, max-image-preview:large, max-video-preview:-1\" \/>\n<link rel=\"canonical\" href=\"https:\/\/rodopaybank.com.br\/index.php\/politica-de-privacidade-e-termos-de-uso\/\" \/>\n<meta property=\"og:locale\" content=\"en_US\" \/>\n<meta property=\"og:type\" content=\"article\" \/>\n<meta property=\"og:title\" content=\"Pol\u00edtica de Privacidade e termos de uso - Rodopay Bank\" \/>\n<meta property=\"og:description\" content=\"A sua privacidade \u00e9 importante para n\u00f3s. \u00c9 pol\u00edtica da RodoPay Bank respeitar a sua privacidade em rela\u00e7\u00e3o a qualquer informa\u00e7\u00e3o sua que possamos coletar no sistema RodoPay Bank, e outros aplicativos e sistemas que possu\u00edmos e operamos. Solicitamos informa\u00e7\u00f5es pessoais apenas quando realmente precisamos delas para lhe fornecer um servi\u00e7o. Esta solicita\u00e7\u00e3o \u00e9 feita [&hellip;]\" \/>\n<meta property=\"og:url\" content=\"https:\/\/rodopaybank.com.br\/index.php\/politica-de-privacidade-e-termos-de-uso\/\" \/>\n<meta property=\"og:site_name\" content=\"Rodopay Bank\" \/>\n<meta property=\"article:modified_time\" content=\"2022-02-10T22:12:12+00:00\" \/>\n<meta property=\"og:image\" content=\"https:\/\/rodopaybank.com.br\/wp-content\/uploads\/2022\/02\/destacada-rodopay.jpg\" \/>\n\t<meta property=\"og:image:width\" content=\"512\" \/>\n\t<meta property=\"og:image:height\" content=\"512\" \/>\n\t<meta property=\"og:image:type\" content=\"image\/jpeg\" \/>\n<meta name=\"twitter:card\" content=\"summary_large_image\" \/>\n<meta name=\"twitter:label1\" content=\"Est. reading time\" \/>\n\t<meta name=\"twitter:data1\" content=\"8 minutes\" \/>\n<script type=\"application\/ld+json\" class=\"yoast-schema-graph\">{\"@context\":\"https:\/\/schema.org\",\"@graph\":[{\"@type\":\"WebSite\",\"@id\":\"https:\/\/rodopaybank.com.br\/#website\",\"url\":\"https:\/\/rodopaybank.com.br\/\",\"name\":\"Rodopay Bank\",\"description\":\"Conta digital das transportadoras e caminhoneiros\",\"potentialAction\":[{\"@type\":\"SearchAction\",\"target\":{\"@type\":\"EntryPoint\",\"urlTemplate\":\"https:\/\/rodopaybank.com.br\/?s={search_term_string}\"},\"query-input\":\"required name=search_term_string\"}],\"inLanguage\":\"en-US\"},{\"@type\":\"ImageObject\",\"@id\":\"https:\/\/rodopaybank.com.br\/index.php\/politica-de-privacidade-e-termos-de-uso\/#primaryimage\",\"inLanguage\":\"en-US\",\"url\":\"https:\/\/rodopaybank.com.br\/wp-content\/uploads\/2022\/02\/destacada-rodopay.jpg\",\"contentUrl\":\"https:\/\/rodopaybank.com.br\/wp-content\/uploads\/2022\/02\/destacada-rodopay.jpg\",\"width\":512,\"height\":512},{\"@type\":\"WebPage\",\"@id\":\"https:\/\/rodopaybank.com.br\/index.php\/politica-de-privacidade-e-termos-de-uso\/#webpage\",\"url\":\"https:\/\/rodopaybank.com.br\/index.php\/politica-de-privacidade-e-termos-de-uso\/\",\"name\":\"Pol\u00edtica de Privacidade e termos de uso - Rodopay Bank\",\"isPartOf\":{\"@id\":\"https:\/\/rodopaybank.com.br\/#website\"},\"primaryImageOfPage\":{\"@id\":\"https:\/\/rodopaybank.com.br\/index.php\/politica-de-privacidade-e-termos-de-uso\/#primaryimage\"},\"datePublished\":\"2022-02-03T21:48:42+00:00\",\"dateModified\":\"2022-02-10T22:12:12+00:00\",\"breadcrumb\":{\"@id\":\"https:\/\/rodopaybank.com.br\/index.php\/politica-de-privacidade-e-termos-de-uso\/#breadcrumb\"},\"inLanguage\":\"en-US\",\"potentialAction\":[{\"@type\":\"ReadAction\",\"target\":[\"https:\/\/rodopaybank.com.br\/index.php\/politica-de-privacidade-e-termos-de-uso\/\"]}]},{\"@type\":\"BreadcrumbList\",\"@id\":\"https:\/\/rodopaybank.com.br\/index.php\/politica-de-privacidade-e-termos-de-uso\/#breadcrumb\",\"itemListElement\":[{\"@type\":\"ListItem\",\"position\":1,\"name\":\"In\u00edcio\",\"item\":\"https:\/\/rodopaybank.com.br\/\"},{\"@type\":\"ListItem\",\"position\":2,\"name\":\"Pol\u00edtica de Privacidade e termos de uso\"}]}]}<\/script>\n<!-- \/ Yoast SEO plugin. -->","yoast_head_json":{"title":"Pol\u00edtica de Privacidade e termos de uso - Rodopay Bank","robots":{"index":"index","follow":"follow","max-snippet":"max-snippet:-1","max-image-preview":"max-image-preview:large","max-video-preview":"max-video-preview:-1"},"canonical":"https:\/\/rodopaybank.com.br\/index.php\/politica-de-privacidade-e-termos-de-uso\/","og_locale":"en_US","og_type":"article","og_title":"Pol\u00edtica de Privacidade e termos de uso - Rodopay Bank","og_description":"A sua privacidade \u00e9 importante para n\u00f3s. \u00c9 pol\u00edtica da RodoPay Bank respeitar a sua privacidade em rela\u00e7\u00e3o a qualquer informa\u00e7\u00e3o sua que possamos coletar no sistema RodoPay Bank, e outros aplicativos e sistemas que possu\u00edmos e operamos. Solicitamos informa\u00e7\u00f5es pessoais apenas quando realmente precisamos delas para lhe fornecer um servi\u00e7o. Esta solicita\u00e7\u00e3o \u00e9 feita [&hellip;]","og_url":"https:\/\/rodopaybank.com.br\/index.php\/politica-de-privacidade-e-termos-de-uso\/","og_site_name":"Rodopay Bank","article_modified_time":"2022-02-10T22:12:12+00:00","og_image":[{"width":512,"height":512,"url":"https:\/\/rodopaybank.com.br\/wp-content\/uploads\/2022\/02\/destacada-rodopay.jpg","type":"image\/jpeg"}],"twitter_card":"summary_large_image","twitter_misc":{"Est. reading time":"8 minutes"},"schema":{"@context":"https:\/\/schema.org","@graph":[{"@type":"WebSite","@id":"https:\/\/rodopaybank.com.br\/#website","url":"https:\/\/rodopaybank.com.br\/","name":"Rodopay Bank","description":"Conta digital das transportadoras e caminhoneiros","potentialAction":[{"@type":"SearchAction","target":{"@type":"EntryPoint","urlTemplate":"https:\/\/rodopaybank.com.br\/?s={search_term_string}"},"query-input":"required name=search_term_string"}],"inLanguage":"en-US"},{"@type":"ImageObject","@id":"https:\/\/rodopaybank.com.br\/index.php\/politica-de-privacidade-e-termos-de-uso\/#primaryimage","inLanguage":"en-US","url":"https:\/\/rodopaybank.com.br\/wp-content\/uploads\/2022\/02\/destacada-rodopay.jpg","contentUrl":"https:\/\/rodopaybank.com.br\/wp-content\/uploads\/2022\/02\/destacada-rodopay.jpg","width":512,"height":512},{"@type":"WebPage","@id":"https:\/\/rodopaybank.com.br\/index.php\/politica-de-privacidade-e-termos-de-uso\/#webpage","url":"https:\/\/rodopaybank.com.br\/index.php\/politica-de-privacidade-e-termos-de-uso\/","name":"Pol\u00edtica de Privacidade e termos de uso - Rodopay Bank","isPartOf":{"@id":"https:\/\/rodopaybank.com.br\/#website"},"primaryImageOfPage":{"@id":"https:\/\/rodopaybank.com.br\/index.php\/politica-de-privacidade-e-termos-de-uso\/#primaryimage"},"datePublished":"2022-02-03T21:48:42+00:00","dateModified":"2022-02-10T22:12:12+00:00","breadcrumb":{"@id":"https:\/\/rodopaybank.com.br\/index.php\/politica-de-privacidade-e-termos-de-uso\/#breadcrumb"},"inLanguage":"en-US","potentialAction":[{"@type":"ReadAction","target":["https:\/\/rodopaybank.com.br\/index.php\/politica-de-privacidade-e-termos-de-uso\/"]}]},{"@type":"BreadcrumbList","@id":"https:\/\/rodopaybank.com.br\/index.php\/politica-de-privacidade-e-termos-de-uso\/#breadcrumb","itemListElement":[{"@type":"ListItem","position":1,"name":"In\u00edcio","item":"https:\/\/rodopaybank.com.br\/"},{"@type":"ListItem","position":2,"name":"Pol\u00edtica de Privacidade e termos de uso"}]}]}},"_links":{"self":[{"href":"https:\/\/rodopaybank.com.br\/index.php\/wp-json\/wp\/v2\/pages\/501"}],"collection":[{"href":"https:\/\/rodopaybank.com.br\/index.php\/wp-json\/wp\/v2\/pages"}],"about":[{"href":"https:\/\/rodopaybank.com.br\/index.php\/wp-json\/wp\/v2\/types\/page"}],"author":[{"embeddable":true,"href":"https:\/\/rodopaybank.com.br\/index.php\/wp-json\/wp\/v2\/users\/2"}],"replies":[{"embeddable":true,"href":"https:\/\/rodopaybank.com.br\/index.php\/wp-json\/wp\/v2\/comments?post=501"}],"version-history":[{"count":2,"href":"https:\/\/rodopaybank.com.br\/index.php\/wp-json\/wp\/v2\/pages\/501\/revisions"}],"predecessor-version":[{"id":517,"href":"https:\/\/rodopaybank.com.br\/index.php\/wp-json\/wp\/v2\/pages\/501\/revisions\/517"}],"wp:featuredmedia":[{"embeddable":true,"href":"https:\/\/rodopaybank.com.br\/index.php\/wp-json\/wp\/v2\/media\/496"}],"wp:attachment":[{"href":"https:\/\/rodopaybank.com.br\/index.php\/wp-json\/wp\/v2\/media?parent=501"}],"curies":[{"name":"wp","href":"https:\/\/api.w.org\/{rel}","templated":true}]}}