{"id":423,"date":"2022-01-31T20:33:22","date_gmt":"2022-01-31T23:33:22","guid":{"rendered":"https:\/\/rodopaybank.com.br\/?page_id=423"},"modified":"2022-06-08T15:51:24","modified_gmt":"2022-06-08T18:51:24","slug":"inicio","status":"publish","type":"page","link":"https:\/\/rodopaybank.com.br\/","title":{"rendered":"In\u00edcio"},"content":{"rendered":"<p>[et_pb_section fb_built=&#8221;1&#8243; _builder_version=&#8221;4.3.2&#8243; background_image=&#8221;https:\/\/rodopaybank.com.br\/wp-content\/uploads\/2022\/01\/home-rodopay.jpg&#8221; parallax=&#8221;on&#8221; custom_padding=&#8221;||0px|||&#8221;][et_pb_row column_structure=&#8221;1_2,1_2&#8243; _builder_version=&#8221;4.3.2&#8243; custom_padding=&#8221;||0px|||&#8221;][et_pb_column type=&#8221;1_2&#8243; _builder_version=&#8221;4.3.2&#8243;][et_pb_text _builder_version=&#8221;4.3.2&#8243; header_2_font=&#8221;Actor|700|||||||&#8221; header_2_text_align=&#8221;center&#8221; header_2_text_color=&#8221;#003366&#8243; header_2_font_size=&#8221;52px&#8221; animation_style=&#8221;fade&#8221;]<\/p>\n<h2 style=\"text-align: center;\"><span style=\"color: #ff9900;\">Digital e para voc\u00ea!<\/span><\/h2>\n<p>[\/et_pb_text][et_pb_text _builder_version=&#8221;4.3.2&#8243; header_2_font=&#8221;Actor|700|||||||&#8221; header_2_text_align=&#8221;center&#8221; header_2_text_color=&#8221;#003366&#8243; header_2_font_size=&#8221;52px&#8221; custom_margin=&#8221;||16px|||&#8221; animation_style=&#8221;fade&#8221;]<\/p>\n<h2 style=\"text-align: center;\">Abra sua conta com rapidez e seguran\u00e7a.<\/h2>\n<p>[\/et_pb_text][et_pb_text _builder_version=&#8221;4.3.2&#8243; text_text_color=&#8221;#000000&#8243; text_font_size=&#8221;18px&#8221; animation_style=&#8221;fade&#8221;]<\/p>\n<p style=\"text-align: center;\"><strong>F\u00e1cil, r\u00e1pido e com as melhores taxas do mercado<\/strong><\/p>\n<p>[\/et_pb_text][et_pb_button button_url=&#8221;https:\/\/rodopay.ib.carteiracliqx.com.br\/#&#8221; button_text=&#8221;Quero ser RodoPay&#8221; button_alignment=&#8221;center&#8221; _builder_version=&#8221;4.3.2&#8243; custom_button=&#8221;on&#8221; button_text_color=&#8221;#ffffff&#8221; button_bg_color=&#8221;#003366&#8243; button_border_color=&#8221;#ffffff&#8221; button_border_radius=&#8221;32px&#8221; button_icon=&#8221;%%32%%&#8221; background_layout=&#8221;dark&#8221; animation_style=&#8221;slide&#8221; hover_enabled=&#8221;0&#8243;][\/et_pb_button][et_pb_button button_url=&#8221;https:\/\/rdpbank.atvbk.me\/register&#8221; button_text=&#8221; GERA\u00c7\u00c3O DE CIOT &#8221; button_alignment=&#8221;center&#8221; _builder_version=&#8221;4.3.2&#8243; custom_button=&#8221;on&#8221; button_text_color=&#8221;#000000&#8243; button_bg_color=&#8221;#e09900&#8243; button_border_color=&#8221;#ffffff&#8221; button_border_radius=&#8221;32px&#8221; button_icon=&#8221;%%32%%&#8221; background_layout=&#8221;dark&#8221; animation_style=&#8221;fade&#8221; animation_duration=&#8221;1300ms&#8221; animation_repeat=&#8221;loop&#8221;][\/et_pb_button][\/et_pb_column][et_pb_column type=&#8221;1_2&#8243; _builder_version=&#8221;4.3.2&#8243;][et_pb_image src=&#8221;https:\/\/rodopaybank.com.br\/wp-content\/uploads\/2020\/08\/rodopay_felizes-min-min.png&#8221; disabled_on=&#8221;on|off|off&#8221; _builder_version=&#8221;4.3.2&#8243; min_height=&#8221;479px&#8221; custom_padding=&#8221;0px|0px|3px|||&#8221; animation_style=&#8221;slide&#8221;][\/et_pb_image][\/et_pb_column][\/et_pb_row][\/et_pb_section][et_pb_section fb_built=&#8221;1&#8243; _builder_version=&#8221;4.3.2&#8243;][et_pb_row _builder_version=&#8221;4.3.2&#8243;][et_pb_column type=&#8221;4_4&#8243; _builder_version=&#8221;4.3.2&#8243;][et_pb_text _builder_version=&#8221;4.3.2&#8243; header_2_font=&#8221;Actor|600|||||||&#8221; header_2_text_align=&#8221;center&#8221; header_2_text_color=&#8221;#003366&#8243; header_2_font_size=&#8221;42px&#8221; animation_style=&#8221;fade&#8221;]<\/p>\n<h2 style=\"text-align: center;\">Um <span style=\"color: #ff9900;\">banco <\/span>completo e <span style=\"color: #ff9900;\">de todos<\/span>!<\/h2>\n<p>[\/et_pb_text][\/et_pb_column][\/et_pb_row][et_pb_row column_structure=&#8221;1_5,1_5,1_5,1_5,1_5&#8243; _builder_version=&#8221;4.3.2&#8243;][et_pb_column type=&#8221;1_5&#8243; _builder_version=&#8221;4.3.2&#8243;][et_pb_blurb title=&#8221;Digital&#8221; use_icon=&#8221;on&#8221; font_icon=&#8221;%%104%%&#8221; use_circle=&#8221;on&#8221; circle_color=&#8221;rgba(0,70,175,0.25)&#8221; use_circle_border=&#8221;on&#8221; _builder_version=&#8221;4.3.2&#8243; header_text_align=&#8221;center&#8221; header_text_color=&#8221;#e09900&#8243; animation_style=&#8221;slide&#8221;]<\/p>\n<p style=\"text-align: center;\">Integra\u00e7\u00e3o <strong>simples<\/strong> e <strong>f\u00e1cil<\/strong>, um sistema <strong>completo<\/strong> e dipon\u00edvel na <strong>palma da sua m\u00e3o.<\/strong><\/p>\n<p>[\/et_pb_blurb][\/et_pb_column][et_pb_column type=&#8221;1_5&#8243; _builder_version=&#8221;4.3.2&#8243;][et_pb_blurb title=&#8221;Pr\u00e1tico&#8221; use_icon=&#8221;on&#8221; font_icon=&#8221;%%113%%&#8221; use_circle=&#8221;on&#8221; circle_color=&#8221;rgba(0,70,175,0.25)&#8221; use_circle_border=&#8221;on&#8221; _builder_version=&#8221;4.3.2&#8243; header_text_align=&#8221;center&#8221; header_text_color=&#8221;#e09900&#8243; animation_style=&#8221;slide&#8221;]<\/p>\n<p style=\"text-align: center;\">Realize seus <strong>saques<\/strong> na <strong>Rede 24 Horas<\/strong> ou nas ag\u00eancias <strong>Lot\u00e9ricas<\/strong> de todo o Brasil.<\/p>\n<p>[\/et_pb_blurb][\/et_pb_column][et_pb_column type=&#8221;1_5&#8243; _builder_version=&#8221;4.3.2&#8243;][et_pb_blurb title=&#8221;Descomplicado&#8221; use_icon=&#8221;on&#8221; font_icon=&#8221;%%156%%&#8221; use_circle=&#8221;on&#8221; circle_color=&#8221;rgba(0,70,175,0.25)&#8221; use_circle_border=&#8221;on&#8221; _builder_version=&#8221;4.3.2&#8243; header_text_align=&#8221;center&#8221; header_text_color=&#8221;#e09900&#8243; animation_style=&#8221;slide&#8221;]<\/p>\n<p style=\"text-align: center;\"><strong>Dinheiro na m\u00e3o<\/strong>, realizamos empr\u00e9stimos, decontos em duplicatas e financiamentos.<\/p>\n<p>[\/et_pb_blurb][\/et_pb_column][et_pb_column type=&#8221;1_5&#8243; _builder_version=&#8221;4.3.2&#8243;][et_pb_blurb title=&#8221;Seguro&#8221; use_icon=&#8221;on&#8221; font_icon=&#8221;%%93%%&#8221; use_circle=&#8221;on&#8221; circle_color=&#8221;rgba(0,70,175,0.25)&#8221; use_circle_border=&#8221;on&#8221; _builder_version=&#8221;4.3.2&#8243; header_text_align=&#8221;center&#8221; header_text_color=&#8221;#e09900&#8243; animation_style=&#8221;slide&#8221;]<\/p>\n<p style=\"text-align: center;\">Suas <strong>informa\u00e7\u00f5es<\/strong> bem tratadas e <strong>protegidas<\/strong> com os mais altos protoc\u00f3los de prote\u00e7\u00e3o.<\/p>\n<p>[\/et_pb_blurb][\/et_pb_column][et_pb_column type=&#8221;1_5&#8243; _builder_version=&#8221;4.3.2&#8243;][et_pb_blurb title=&#8221;Amigo&#8221; use_icon=&#8221;on&#8221; font_icon=&#8221;%%151%%&#8221; use_circle=&#8221;on&#8221; circle_color=&#8221;rgba(0,70,175,0.25)&#8221; use_circle_border=&#8221;on&#8221; _builder_version=&#8221;4.3.2&#8243; header_text_align=&#8221;center&#8221; header_text_color=&#8221;#e09900&#8243; animation_style=&#8221;slide&#8221;]<\/p>\n<p style=\"text-align: center;\"><strong>Empr\u00e9stimos<\/strong> com an\u00e1lise diferenciada para <strong>consignados<\/strong>, <strong>MEI<\/strong> e <strong>negativados<\/strong>.<\/p>\n<p>[\/et_pb_blurb][\/et_pb_column][\/et_pb_row][et_pb_row _builder_version=&#8221;4.3.2&#8243;][et_pb_column type=&#8221;4_4&#8243; _builder_version=&#8221;4.3.2&#8243;][et_pb_button button_url=&#8221;https:\/\/rodopay.ib.carteiracliqx.com.br\/#&#8221; button_text=&#8221;Abrir minha conta agora&#8221; button_alignment=&#8221;center&#8221; _builder_version=&#8221;4.3.2&#8243; custom_button=&#8221;on&#8221; button_text_color=&#8221;#003366&#8243; button_bg_color=&#8221;#ffffff&#8221; button_border_color=&#8221;#e09900&#8243; button_border_radius=&#8221;24px&#8221; button_font=&#8221;|600|||||||&#8221; button_icon=&#8221;%%36%%&#8221; animation_style=&#8221;fade&#8221; hover_enabled=&#8221;0&#8243;][\/et_pb_button][\/et_pb_column][\/et_pb_row][\/et_pb_section][et_pb_section fb_built=&#8221;1&#8243; disabled_on=&#8221;on|off|off&#8221; _builder_version=&#8221;4.3.2&#8243; background_image=&#8221;https:\/\/rodopaybank.com.br\/wp-content\/uploads\/2022\/02\/master-card-rodoay.jpg&#8221; parallax=&#8221;on&#8221; custom_padding=&#8221;163px||127px|||&#8221;][et_pb_row column_structure=&#8221;1_2,1_2&#8243; _builder_version=&#8221;4.3.2&#8243;][et_pb_column type=&#8221;1_2&#8243; _builder_version=&#8221;4.3.2&#8243;][et_pb_text _builder_version=&#8221;4.3.2&#8243; header_2_font=&#8221;Actor||||||||&#8221; header_2_text_color=&#8221;#ffffff&#8221; header_2_font_size=&#8221;36px&#8221; animation_style=&#8221;slide&#8221; animation_direction=&#8221;top&#8221;]<\/p>\n<h2>FEITO<\/h2>\n<p>[\/et_pb_text][et_pb_text _builder_version=&#8221;4.3.2&#8243; header_2_font=&#8221;Actor||||||||&#8221; header_2_text_color=&#8221;#ffffff&#8221; header_2_font_size=&#8221;36px&#8221; animation_style=&#8221;slide&#8221; animation_direction=&#8221;top&#8221;]<\/p>\n<h2>PARA MIM,<\/h2>\n<p>[\/et_pb_text][et_pb_text _builder_version=&#8221;4.3.2&#8243; header_2_font=&#8221;Actor||||||||&#8221; header_2_text_color=&#8221;#ffffff&#8221; header_2_font_size=&#8221;36px&#8221; animation_style=&#8221;slide&#8221; animation_direction=&#8221;top&#8221;]<\/p>\n<h2>PARA VOC\u00ca,<\/h2>\n<p>[\/et_pb_text][et_pb_text _builder_version=&#8221;4.3.2&#8243; header_font=&#8221;Actor||||||||&#8221; header_2_font=&#8221;Actor||||||||&#8221; header_2_text_color=&#8221;#ffffff&#8221; header_2_font_size=&#8221;36px&#8221; animation_style=&#8221;slide&#8221; animation_direction=&#8221;top&#8221;]<\/p>\n<h2>FEITO PARA TODOS!<\/h2>\n<p>[\/et_pb_text][\/et_pb_column][et_pb_column type=&#8221;1_2&#8243; _builder_version=&#8221;4.3.2&#8243;][\/et_pb_column][\/et_pb_row][\/et_pb_section][et_pb_section fb_built=&#8221;1&#8243; fullwidth=&#8221;on&#8221; _builder_version=&#8221;4.3.2&#8243;][et_pb_fullwidth_image src=&#8221;https:\/\/rodopaybank.com.br\/wp-content\/uploads\/2022\/02\/rodopay-cartao-pagina-inicial.jpg&#8221; disabled_on=&#8221;off|on|on&#8221; _builder_version=&#8221;4.3.2&#8243;][\/et_pb_fullwidth_image][\/et_pb_section][et_pb_section fb_built=&#8221;1&#8243; _builder_version=&#8221;4.3.2&#8243;][et_pb_row column_structure=&#8221;1_2,1_2&#8243; _builder_version=&#8221;4.3.2&#8243; animation_style=&#8221;fade&#8221;][et_pb_column type=&#8221;1_2&#8243; _builder_version=&#8221;4.3.2&#8243;][et_pb_text _builder_version=&#8221;4.3.2&#8243; header_font=&#8221;|700|||||||&#8221; header_2_font=&#8221;Actor|700|||||||&#8221; header_2_text_color=&#8221;#ffffff&#8221; background_color=&#8221;#003366&#8243; custom_padding=&#8221;23px|||||&#8221;]<\/p>\n<h2 style=\"text-align: center;\">Cart\u00e3o de Cr\u00e9dito<\/h2>\n<p>[\/et_pb_text][et_pb_image src=&#8221;https:\/\/rodopaybank.com.br\/wp-content\/uploads\/2022\/02\/mastercardrodopay.png&#8221; align=&#8221;center&#8221; _builder_version=&#8221;4.3.2&#8243; background_color=&#8221;#003366&#8243; width=&#8221;100%&#8221; max_width=&#8221;100%&#8221; custom_margin=&#8221;-30px|||||&#8221;][\/et_pb_image][et_pb_text _builder_version=&#8221;4.3.2&#8243; text_font=&#8221;Actor||||||||&#8221; text_text_color=&#8221;#ffffff&#8221; background_color=&#8221;#003366&#8243; custom_margin=&#8221;-41px||||false|false&#8221; custom_padding=&#8221;|||50px|false|false&#8221;]<\/p>\n<p>Pr\u00e1tico, moderno,<br \/>aceito em milhares de estabelecimentos<br \/> no Brasil e no mundo, e o melhor de tudo ele \u00e9 gratuito.<\/p>\n<p>&nbsp;<\/p>\n<p>[\/et_pb_text][\/et_pb_column][et_pb_column type=&#8221;1_2&#8243; _builder_version=&#8221;4.3.2&#8243;][et_pb_text _builder_version=&#8221;4.3.2&#8243; header_font=&#8221;|700|||||||&#8221; header_2_font=&#8221;Actor|700|||||||&#8221; header_2_text_color=&#8221;#ffffff&#8221; background_color=&#8221;#F0A93D&#8221; custom_padding=&#8221;23px|||||&#8221;]<\/p>\n<h2 style=\"text-align: center;\">Conta Digital<\/h2>\n<p>[\/et_pb_text][et_pb_image src=&#8221;https:\/\/rodopaybank.com.br\/wp-content\/uploads\/2022\/01\/celrodopay.png&#8221; _builder_version=&#8221;4.3.2&#8243; background_color=&#8221;#F0A93D&#8221; custom_margin=&#8221;-30px|||||&#8221;][\/et_pb_image][et_pb_text _builder_version=&#8221;4.3.2&#8243; text_font=&#8221;Actor||||||||&#8221; text_text_color=&#8221;#ffffff&#8221; background_color=&#8221;#F0A93D&#8221; custom_margin=&#8221;-41px||||false|false&#8221; custom_padding=&#8221;|||50px|false|false&#8221;]<\/p>\n<p>Sem burocracia,<br \/> e nem letras mi\u00fadas, 100%<br \/> transparente com voc\u00ea, e rende mais que a poupan\u00e7a.<\/p>\n<p>&nbsp;<\/p>\n<p>[\/et_pb_text][\/et_pb_column][\/et_pb_row][et_pb_row _builder_version=&#8221;4.3.2&#8243;][et_pb_column type=&#8221;4_4&#8243; _builder_version=&#8221;4.3.2&#8243;][et_pb_button button_url=&#8221;https:\/\/rodopay.ib.carteiracliqx.com.br\/#&#8221; button_text=&#8221;Quero ser RodoPay&#8221; button_alignment=&#8221;center&#8221; _builder_version=&#8221;4.3.2&#8243; custom_button=&#8221;on&#8221; button_text_color=&#8221;#ffffff&#8221; button_bg_color=&#8221;#003366&#8243; button_border_color=&#8221;#e09900&#8243; button_border_radius=&#8221;24px&#8221; button_font=&#8221;|600|||||||&#8221; button_icon=&#8221;%%36%%&#8221; animation_style=&#8221;fade&#8221; hover_enabled=&#8221;0&#8243;][\/et_pb_button][\/et_pb_column][\/et_pb_row][\/et_pb_section][et_pb_section fb_built=&#8221;1&#8243; disabled_on=&#8221;on|off|off&#8221; _builder_version=&#8221;4.3.2&#8243; background_image=&#8221;https:\/\/rodopaybank.com.br\/wp-content\/uploads\/2022\/01\/homem-celular-feliz-1-1400&#215;800-1017.jpg&#8221; parallax=&#8221;on&#8221; custom_padding=&#8221;127px||127px||true|&#8221;][et_pb_row column_structure=&#8221;1_2,1_2&#8243; _builder_version=&#8221;4.3.2&#8243; custom_padding=&#8221;||74px|||&#8221;][et_pb_column type=&#8221;1_2&#8243; _builder_version=&#8221;4.3.2&#8243;][et_pb_text _builder_version=&#8221;4.3.2&#8243; header_2_font=&#8221;Actor||||||||&#8221; header_2_text_color=&#8221;#003366&#8243; header_2_font_size=&#8221;36px&#8221; custom_margin=&#8221;||3px|||&#8221; animation_style=&#8221;slide&#8221; animation_direction=&#8221;top&#8221;]<\/p>\n<h2>SIMPLIFIQUE<\/h2>\n<p>[\/et_pb_text][et_pb_text _builder_version=&#8221;4.3.2&#8243; header_2_font=&#8221;Actor||||||||&#8221; header_2_text_color=&#8221;#003366&#8243; header_2_font_size=&#8221;36px&#8221; animation_style=&#8221;slide&#8221; animation_direction=&#8221;top&#8221;]<\/p>\n<h2>SUA VIDA COM O PIX!<\/h2>\n<p>[\/et_pb_text][et_pb_text _builder_version=&#8221;4.3.2&#8243; header_3_font=&#8221;||||||||&#8221; header_3_text_color=&#8221;#ffffff&#8221; header_3_font_size=&#8221;17px&#8221;]<\/p>\n<h3>Envie e receba pagamentos em segundos<\/h3>\n<p>[\/et_pb_text][et_pb_button button_url=&#8221;###&#8221; button_text=&#8221;Conhecer o PIX da RodoPay&#8221; button_alignment=&#8221;left&#8221; _builder_version=&#8221;4.3.2&#8243; custom_button=&#8221;on&#8221; button_text_color=&#8221;#003366&#8243; button_bg_color=&#8221;rgba(255,255,255,0.18)&#8221; button_border_radius=&#8221;35px&#8221; background_layout=&#8221;dark&#8221; animation_style=&#8221;fade&#8221;][\/et_pb_button][\/et_pb_column][et_pb_column type=&#8221;1_2&#8243; _builder_version=&#8221;4.3.2&#8243;][\/et_pb_column][\/et_pb_row][\/et_pb_section][et_pb_section fb_built=&#8221;1&#8243; fullwidth=&#8221;on&#8221; _builder_version=&#8221;4.3.2&#8243;][et_pb_fullwidth_image src=&#8221;https:\/\/rodopaybank.com.br\/wp-content\/uploads\/2022\/02\/pix-da-rodopay.jpg&#8221; disabled_on=&#8221;off|on|on&#8221; _builder_version=&#8221;4.3.2&#8243;][\/et_pb_fullwidth_image][\/et_pb_section][et_pb_section fb_built=&#8221;1&#8243; _builder_version=&#8221;4.3.2&#8243; background_color=&#8221;#003366&#8243;][et_pb_row column_structure=&#8221;1_2,1_2&#8243; _builder_version=&#8221;4.3.2&#8243;][et_pb_column type=&#8221;1_2&#8243; _builder_version=&#8221;4.3.2&#8243;][et_pb_image src=&#8221;https:\/\/rodopaybank.com.br\/wp-content\/uploads\/2022\/01\/logo-rodopay-branca.png&#8221; align=&#8221;center&#8221; _builder_version=&#8221;4.3.2&#8243; width=&#8221;45%&#8221; animation_style=&#8221;fade&#8221;][\/et_pb_image][et_pb_text _builder_version=&#8221;4.3.2&#8243; text_text_color=&#8221;#ffffff&#8221; background_color=&#8221;#003366&#8243; custom_padding=&#8221;30px|30px|30px|30px|false|false&#8221; animation_style=&#8221;fade&#8221;]<\/p>\n<p style=\"text-align: justify;\">A Rodopay Bank em parceria com a Rodofretex, que foi fundada em 2004, voltada para o mercado de pagamento de frete. Com um crescimento acima da m\u00e9dia do mercado, em 2006 fechou parcerias com grandes redes de postos de combust\u00edveis e passou criar solu\u00e7\u00f5es de fretes sob demanda. Em 2012 fomos uma das primeiras empresas a ser homologada como pagamento eletr\u00f4nico de frete pela ANTT.<\/p>\n<p style=\"text-align: justify;\">Hoje atuamos como conta corrente digital levando solu\u00e7\u00f5es em pagamentos para diferentes tipos de neg\u00f3cios.<\/p>\n<p>[\/et_pb_text][\/et_pb_column][et_pb_column type=&#8221;1_2&#8243; _builder_version=&#8221;4.3.2&#8243;][et_pb_text _builder_version=&#8221;4.3.2&#8243; header_text_align=&#8221;center&#8221; header_2_font=&#8221;Actor||||||||&#8221; header_2_text_align=&#8221;center&#8221; header_2_text_color=&#8221;#ffffff&#8221; animation_style=&#8221;fade&#8221;]<\/p>\n<h2>Um banco <span style=\"color: #ff9900;\">digital<\/span> e <span style=\"color: #ff9900;\">completo<\/span>, com todas as facilidades que <span style=\"color: #ff9900;\">voc\u00ea<\/span> precisa!<\/h2>\n<p>[\/et_pb_text][et_pb_text _builder_version=&#8221;4.3.2&#8243; header_2_text_align=&#8221;center&#8221; header_2_text_color=&#8221;#ffffff&#8221; header_2_line_height=&#8221;1.7em&#8221; animation_style=&#8221;fade&#8221;]<\/p>\n<h2><\/h2>\n<h2><\/h2>\n<h2>Emiss\u00e3o de CIOT<br \/> Seguros<br \/> Plataformas sob demanda<br \/> Benef\u00edcios para o motorista<br \/> Preparado para o PIX<\/h2>\n<p>[\/et_pb_text][\/et_pb_column][\/et_pb_row][\/et_pb_section]<\/p>\n","protected":false},"excerpt":{"rendered":"<p>[et_pb_section fb_built=&#8221;1&#8243; _builder_version=&#8221;4.3.2&#8243; background_image=&#8221;https:\/\/rodopaybank.com.br\/wp-content\/uploads\/2022\/01\/home-rodopay.jpg&#8221; parallax=&#8221;on&#8221; custom_padding=&#8221;||0px|||&#8221;][et_pb_row column_structure=&#8221;1_2,1_2&#8243; _builder_version=&#8221;4.3.2&#8243; custom_padding=&#8221;||0px|||&#8221;][et_pb_column type=&#8221;1_2&#8243; _builder_version=&#8221;4.3.2&#8243;][et_pb_text _builder_version=&#8221;4.3.2&#8243; header_2_font=&#8221;Actor|700|||||||&#8221; header_2_text_align=&#8221;center&#8221; header_2_text_color=&#8221;#003366&#8243; header_2_font_size=&#8221;52px&#8221; animation_style=&#8221;fade&#8221;] Digital e para voc\u00ea! [\/et_pb_text][et_pb_text _builder_version=&#8221;4.3.2&#8243; header_2_font=&#8221;Actor|700|||||||&#8221; header_2_text_align=&#8221;center&#8221; header_2_text_color=&#8221;#003366&#8243; header_2_font_size=&#8221;52px&#8221; custom_margin=&#8221;||16px|||&#8221; animation_style=&#8221;fade&#8221;] Abra sua conta com rapidez e seguran\u00e7a. [\/et_pb_text][et_pb_text _builder_version=&#8221;4.3.2&#8243; text_text_color=&#8221;#000000&#8243; text_font_size=&#8221;18px&#8221; animation_style=&#8221;fade&#8221;] F\u00e1cil, r\u00e1pido e com as melhores taxas do mercado [\/et_pb_text][et_pb_button button_url=&#8221;https:\/\/rodopay.ib.carteiracliqx.com.br\/#&#8221; button_text=&#8221;Quero ser RodoPay&#8221; [&hellip;]<\/p>\n","protected":false},"author":1,"featured_media":496,"parent":0,"menu_order":0,"comment_status":"closed","ping_status":"closed","template":"","meta":{"_et_pb_use_builder":"on","_et_pb_old_content":"","_et_gb_content_width":"","footnotes":""},"class_list":["post-423","page","type-page","status-publish","has-post-thumbnail","hentry"],"yoast_head":"<!-- This site is optimized with the Yoast SEO plugin v18.0 - https:\/\/yoast.com\/wordpress\/plugins\/seo\/ -->\n<title>RodoPay Bank<\/title>\n<meta name=\"description\" content=\"Feito para mim, para voc\u00ea, feito para todos! Cart\u00e3o de cr\u00e9dito e conta digital. Emiss\u00e3o de CIOTE e muito mais.\" \/>\n<meta name=\"robots\" content=\"index, follow, max-snippet:-1, max-image-preview:large, max-video-preview:-1\" \/>\n<link rel=\"canonical\" href=\"https:\/\/rodopaybank.com.br\/\" \/>\n<meta property=\"og:locale\" content=\"en_US\" \/>\n<meta property=\"og:type\" content=\"article\" \/>\n<meta property=\"og:title\" content=\"RodoPay Bank\" \/>\n<meta property=\"og:description\" content=\"Feito para mim, para voc\u00ea, feito para todos! Cart\u00e3o de cr\u00e9dito e conta digital. Emiss\u00e3o de CIOTE e muito mais.\" \/>\n<meta property=\"og:url\" content=\"https:\/\/rodopaybank.com.br\/\" \/>\n<meta property=\"og:site_name\" content=\"Rodopay Bank\" \/>\n<meta property=\"article:modified_time\" content=\"2022-06-08T18:51:24+00:00\" \/>\n<meta property=\"og:image\" content=\"https:\/\/rodopaybank.com.br\/wp-content\/uploads\/2022\/02\/destacada-rodopay.jpg\" \/>\n\t<meta property=\"og:image:width\" content=\"512\" \/>\n\t<meta property=\"og:image:height\" content=\"512\" \/>\n\t<meta property=\"og:image:type\" content=\"image\/jpeg\" \/>\n<meta name=\"twitter:card\" content=\"summary_large_image\" \/>\n<meta name=\"twitter:label1\" content=\"Est. reading time\" \/>\n\t<meta name=\"twitter:data1\" content=\"9 minutes\" \/>\n<script type=\"application\/ld+json\" class=\"yoast-schema-graph\">{\"@context\":\"https:\/\/schema.org\",\"@graph\":[{\"@type\":\"WebSite\",\"@id\":\"https:\/\/rodopaybank.com.br\/#website\",\"url\":\"https:\/\/rodopaybank.com.br\/\",\"name\":\"Rodopay Bank\",\"description\":\"Conta digital das transportadoras e caminhoneiros\",\"potentialAction\":[{\"@type\":\"SearchAction\",\"target\":{\"@type\":\"EntryPoint\",\"urlTemplate\":\"https:\/\/rodopaybank.com.br\/?s={search_term_string}\"},\"query-input\":\"required name=search_term_string\"}],\"inLanguage\":\"en-US\"},{\"@type\":\"ImageObject\",\"@id\":\"https:\/\/rodopaybank.com.br\/#primaryimage\",\"inLanguage\":\"en-US\",\"url\":\"https:\/\/rodopaybank.com.br\/wp-content\/uploads\/2022\/02\/destacada-rodopay.jpg\",\"contentUrl\":\"https:\/\/rodopaybank.com.br\/wp-content\/uploads\/2022\/02\/destacada-rodopay.jpg\",\"width\":512,\"height\":512},{\"@type\":\"WebPage\",\"@id\":\"https:\/\/rodopaybank.com.br\/#webpage\",\"url\":\"https:\/\/rodopaybank.com.br\/\",\"name\":\"RodoPay Bank\",\"isPartOf\":{\"@id\":\"https:\/\/rodopaybank.com.br\/#website\"},\"primaryImageOfPage\":{\"@id\":\"https:\/\/rodopaybank.com.br\/#primaryimage\"},\"datePublished\":\"2022-01-31T23:33:22+00:00\",\"dateModified\":\"2022-06-08T18:51:24+00:00\",\"description\":\"Feito para mim, para voc\u00ea, feito para todos! Cart\u00e3o de cr\u00e9dito e conta digital. Emiss\u00e3o de CIOTE e muito mais.\",\"breadcrumb\":{\"@id\":\"https:\/\/rodopaybank.com.br\/#breadcrumb\"},\"inLanguage\":\"en-US\",\"potentialAction\":[{\"@type\":\"ReadAction\",\"target\":[\"https:\/\/rodopaybank.com.br\/\"]}]},{\"@type\":\"BreadcrumbList\",\"@id\":\"https:\/\/rodopaybank.com.br\/#breadcrumb\",\"itemListElement\":[{\"@type\":\"ListItem\",\"position\":1,\"name\":\"In\u00edcio\",\"item\":\"https:\/\/rodopaybank.com.br\/\"},{\"@type\":\"ListItem\",\"position\":2,\"name\":\"In\u00edcio\"}]}]}<\/script>\n<!-- \/ Yoast SEO plugin. -->","yoast_head_json":{"title":"RodoPay Bank","description":"Feito para mim, para voc\u00ea, feito para todos! Cart\u00e3o de cr\u00e9dito e conta digital. Emiss\u00e3o de CIOTE e muito mais.","robots":{"index":"index","follow":"follow","max-snippet":"max-snippet:-1","max-image-preview":"max-image-preview:large","max-video-preview":"max-video-preview:-1"},"canonical":"https:\/\/rodopaybank.com.br\/","og_locale":"en_US","og_type":"article","og_title":"RodoPay Bank","og_description":"Feito para mim, para voc\u00ea, feito para todos! Cart\u00e3o de cr\u00e9dito e conta digital. Emiss\u00e3o de CIOTE e muito mais.","og_url":"https:\/\/rodopaybank.com.br\/","og_site_name":"Rodopay Bank","article_modified_time":"2022-06-08T18:51:24+00:00","og_image":[{"width":512,"height":512,"url":"https:\/\/rodopaybank.com.br\/wp-content\/uploads\/2022\/02\/destacada-rodopay.jpg","type":"image\/jpeg"}],"twitter_card":"summary_large_image","twitter_misc":{"Est. reading time":"9 minutes"},"schema":{"@context":"https:\/\/schema.org","@graph":[{"@type":"WebSite","@id":"https:\/\/rodopaybank.com.br\/#website","url":"https:\/\/rodopaybank.com.br\/","name":"Rodopay Bank","description":"Conta digital das transportadoras e caminhoneiros","potentialAction":[{"@type":"SearchAction","target":{"@type":"EntryPoint","urlTemplate":"https:\/\/rodopaybank.com.br\/?s={search_term_string}"},"query-input":"required name=search_term_string"}],"inLanguage":"en-US"},{"@type":"ImageObject","@id":"https:\/\/rodopaybank.com.br\/#primaryimage","inLanguage":"en-US","url":"https:\/\/rodopaybank.com.br\/wp-content\/uploads\/2022\/02\/destacada-rodopay.jpg","contentUrl":"https:\/\/rodopaybank.com.br\/wp-content\/uploads\/2022\/02\/destacada-rodopay.jpg","width":512,"height":512},{"@type":"WebPage","@id":"https:\/\/rodopaybank.com.br\/#webpage","url":"https:\/\/rodopaybank.com.br\/","name":"RodoPay Bank","isPartOf":{"@id":"https:\/\/rodopaybank.com.br\/#website"},"primaryImageOfPage":{"@id":"https:\/\/rodopaybank.com.br\/#primaryimage"},"datePublished":"2022-01-31T23:33:22+00:00","dateModified":"2022-06-08T18:51:24+00:00","description":"Feito para mim, para voc\u00ea, feito para todos! Cart\u00e3o de cr\u00e9dito e conta digital. Emiss\u00e3o de CIOTE e muito mais.","breadcrumb":{"@id":"https:\/\/rodopaybank.com.br\/#breadcrumb"},"inLanguage":"en-US","potentialAction":[{"@type":"ReadAction","target":["https:\/\/rodopaybank.com.br\/"]}]},{"@type":"BreadcrumbList","@id":"https:\/\/rodopaybank.com.br\/#breadcrumb","itemListElement":[{"@type":"ListItem","position":1,"name":"In\u00edcio","item":"https:\/\/rodopaybank.com.br\/"},{"@type":"ListItem","position":2,"name":"In\u00edcio"}]}]}},"_links":{"self":[{"href":"https:\/\/rodopaybank.com.br\/index.php\/wp-json\/wp\/v2\/pages\/423"}],"collection":[{"href":"https:\/\/rodopaybank.com.br\/index.php\/wp-json\/wp\/v2\/pages"}],"about":[{"href":"https:\/\/rodopaybank.com.br\/index.php\/wp-json\/wp\/v2\/types\/page"}],"author":[{"embeddable":true,"href":"https:\/\/rodopaybank.com.br\/index.php\/wp-json\/wp\/v2\/users\/1"}],"replies":[{"embeddable":true,"href":"https:\/\/rodopaybank.com.br\/index.php\/wp-json\/wp\/v2\/comments?post=423"}],"version-history":[{"count":31,"href":"https:\/\/rodopaybank.com.br\/index.php\/wp-json\/wp\/v2\/pages\/423\/revisions"}],"predecessor-version":[{"id":537,"href":"https:\/\/rodopaybank.com.br\/index.php\/wp-json\/wp\/v2\/pages\/423\/revisions\/537"}],"wp:featuredmedia":[{"embeddable":true,"href":"https:\/\/rodopaybank.com.br\/index.php\/wp-json\/wp\/v2\/media\/496"}],"wp:attachment":[{"href":"https:\/\/rodopaybank.com.br\/index.php\/wp-json\/wp\/v2\/media?parent=423"}],"curies":[{"name":"wp","href":"https:\/\/api.w.org\/{rel}","templated":true}]}}